{"id":3876,"date":"2024-05-24T03:25:09","date_gmt":"2024-05-24T03:25:09","guid":{"rendered":"https:\/\/homelengowp.themesflat.com\/?page_id=3876"},"modified":"2025-12-06T19:23:18","modified_gmt":"2025-12-06T18:23:18","slug":"blog-italianieruchomosci","status":"publish","type":"page","link":"https:\/\/italianieruchomosci.pl\/it\/blog-italianieruchomosci\/","title":{"rendered":"Blog ItaliaImmobiliare"},"content":{"rendered":"<div data-elementor-type=\"wp-page\" data-elementor-id=\"3876\" class=\"elementor elementor-3876\" data-elementor-post-type=\"page\">\n\t\t\t\t<div class=\"elementor-element elementor-element-f8dd13e e-con-full e-flex e-con e-parent\" data-id=\"f8dd13e\" data-element_type=\"container\">\n\t\t<div class=\"elementor-element elementor-element-9d0e387 e-flex e-con-boxed e-con e-child\" data-id=\"9d0e387\" data-element_type=\"container\">\n\t\t\t\t\t<div class=\"e-con-inner\">\n\t\t\t\t<div class=\"elementor-element elementor-element-9673883 post-grid elementor-widget elementor-widget-tfposts\" data-id=\"9673883\" data-element_type=\"widget\" data-widget_type=\"tfposts.default\">\n\t\t\t\t<div class=\"elementor-widget-container\">\n\t\t\t\t\t\t\t\t<div id=\"tf-posts-9673883\" class=\"tf-posts no-carousel style1 column-3 tablet-column-2 mobile-column-1\" data-tabid=\"9673883\"  >\r\n\t\t\t\t\t\t<div class=\"item\">\r\n\t\t<div class=\"entry blog-post\">\r\n\t\t\t\t<div class=\"featured-post\">\r\n\t\t\t\t\t<a href=\"https:\/\/italianieruchomosci.pl\/it\/jak-sfinansowac-i-utrzymac-swoj-wloski-azyl-podsumowanie-wydatkow\/\">\r\n\t\t\t\t\t\t<img decoding=\"async\" src=\"https:\/\/italianieruchomosci.pl\/wp-content\/uploads\/2026\/03\/ChatGPT-Image-9-mar-2026-17_51_02.png\" alt=\"immagine\">\t\t\t\t\t\t<span class=\"blog-plus\"><\/span>\r\n\t\t\t\t\t<\/a>\r\n                                   \r\n                        <span class=\"meta-text\">2026-04-18<\/span>\r\n\t\t\t\t<\/div>\r\n\t\t\t<div class=\"content\">\r\n                    <div class=\"post-meta\">\r\n                        <div class=\"inner\">\r\n                        <a class=\"author\" href=\"https:\/\/italianieruchomosci.pl\/it\/author\/blog\/\" title=\"Visualizza tutti i messaggi di Blog\" rel=\"author\"><span>Blog<\/span> <\/a>                        <\/div>\r\n                        <div class=\"inner\">\r\n                            <a href=\"https:\/\/italianieruchomosci.pl\/it\/category\/italianieruchomosci\/\" rel=\"category tag\">Italia Real Estate<\/a>                        <\/div>\r\n                    <\/div>\r\n\t\t\t\t\t<h6 class=\"title\"><a href=\"https:\/\/italianieruchomosci.pl\/it\/jak-sfinansowac-i-utrzymac-swoj-wloski-azyl-podsumowanie-wydatkow\/\"\r\n\t\t\t\t\t\t\ttitle=\"Come finanziare e mantenere il tuo rifugio italiano? Riepilogo delle spese\">Come finanziare e mantenere il tuo rifugio italiano? Riepilogo delle spese<\/a><\/h6>\r\n\t\t\t\t\t<p class=\"content-post\">Konkretne liczby dla Twojego portfela. Zobacz, ile kosztuje utrzymanie mieszkania w Scalei i jak<\/p>\r\n\t\t\t<\/div>\r\n\t\t<\/div>\r\n\t<\/div>\r\n\t<div class=\"item\">\r\n\t\t<div class=\"entry blog-post\">\r\n\t\t\t\t<div class=\"featured-post\">\r\n\t\t\t\t\t<a href=\"https:\/\/italianieruchomosci.pl\/it\/uniknij-rozczarowania-najczestsze-bledy-przy-zakupie-nieruchomosci-we-wloszech\/\">\r\n\t\t\t\t\t\t<img decoding=\"async\" src=\"https:\/\/italianieruchomosci.pl\/wp-content\/uploads\/2026\/03\/ChatGPT-Image-9-mar-2026-17_48_46.png\" alt=\"immagine\">\t\t\t\t\t\t<span class=\"blog-plus\"><\/span>\r\n\t\t\t\t\t<\/a>\r\n                                   \r\n                        <span class=\"meta-text\">2026-04-15<\/span>\r\n\t\t\t\t<\/div>\r\n\t\t\t<div class=\"content\">\r\n                    <div class=\"post-meta\">\r\n                        <div class=\"inner\">\r\n                        <a class=\"author\" href=\"https:\/\/italianieruchomosci.pl\/it\/author\/blog\/\" title=\"Visualizza tutti i messaggi di Blog\" rel=\"author\"><span>Blog<\/span> <\/a>                        <\/div>\r\n                        <div class=\"inner\">\r\n                            <a href=\"https:\/\/italianieruchomosci.pl\/it\/category\/italianieruchomosci\/\" rel=\"category tag\">Italia Real Estate<\/a>                        <\/div>\r\n                    <\/div>\r\n\t\t\t\t\t<h6 class=\"title\"><a href=\"https:\/\/italianieruchomosci.pl\/it\/uniknij-rozczarowania-najczestsze-bledy-przy-zakupie-nieruchomosci-we-wloszech\/\"\r\n\t\t\t\t\t\t\ttitle=\"Evita delusioni: I pi\u00f9 comuni errori nell&#039;acquisto di una propriet\u00e0 in Italia\">Evita delusioni: I pi\u00f9 comuni errori nell'acquisto di una propriet\u00e0 in Italia<\/a><\/h6>\r\n\t\t\t\t\t<p class=\"content-post\">Zakup nieruchomo\u015bci za granic\u0105 bywa wyzwaniem. Najcz\u0119stszym b\u0142\u0119dem jest kierowanie si\u0119 wy\u0142\u0105cznie nisk\u0105 cen\u0105,<\/p>\r\n\t\t\t<\/div>\r\n\t\t<\/div>\r\n\t<\/div>\r\n\t<div class=\"item\">\r\n\t\t<div class=\"entry blog-post\">\r\n\t\t\t\t<div class=\"featured-post\">\r\n\t\t\t\t\t<a href=\"https:\/\/italianieruchomosci.pl\/it\/top-5-typow-nieruchomosci-w-scalei-w-co-warto-zainwestowac\/\">\r\n\t\t\t\t\t\t<img decoding=\"async\" src=\"https:\/\/italianieruchomosci.pl\/wp-content\/uploads\/2026\/03\/ChatGPT-Image-9-mar-2026-17_47_29.png\" alt=\"immagine\">\t\t\t\t\t\t<span class=\"blog-plus\"><\/span>\r\n\t\t\t\t\t<\/a>\r\n                                   \r\n                        <span class=\"meta-text\">2026-04-10<\/span>\r\n\t\t\t\t<\/div>\r\n\t\t\t<div class=\"content\">\r\n                    <div class=\"post-meta\">\r\n                        <div class=\"inner\">\r\n                        <a class=\"author\" href=\"https:\/\/italianieruchomosci.pl\/it\/author\/blog\/\" title=\"Visualizza tutti i messaggi di Blog\" rel=\"author\"><span>Blog<\/span> <\/a>                        <\/div>\r\n                        <div class=\"inner\">\r\n                            <a href=\"https:\/\/italianieruchomosci.pl\/it\/category\/italianieruchomosci\/\" rel=\"category tag\">Italia Real Estate<\/a>                        <\/div>\r\n                    <\/div>\r\n\t\t\t\t\t<h6 class=\"title\"><a href=\"https:\/\/italianieruchomosci.pl\/it\/top-5-typow-nieruchomosci-w-scalei-w-co-warto-zainwestowac\/\"\r\n\t\t\t\t\t\t\ttitle=\"TOP 5 tipologie di immobili a Scalea \u2013 dove vale la pena investire?\">TOP 5 tipologie di immobili a Scalea \u2013 dove vale la pena investire?<\/a><\/h6>\r\n\t\t\t\t\t<p class=\"content-post\">Zajawka: Dagli appartamenti per le vacanze alle case da ristrutturare. Scopri 5 tipi di immobili in Calabria.,<\/p>\r\n\t\t\t<\/div>\r\n\t\t<\/div>\r\n\t<\/div>\r\n\t<div class=\"item\">\r\n\t\t<div class=\"entry blog-post\">\r\n\t\t\t\t<div class=\"featured-post\">\r\n\t\t\t\t\t<a href=\"https:\/\/italianieruchomosci.pl\/it\/kalabria-vs-polnoc-wloch-dlaczego-poludnie-wygrywa-w-2026-roku\/\">\r\n\t\t\t\t\t\t<img decoding=\"async\" src=\"https:\/\/italianieruchomosci.pl\/wp-content\/uploads\/2026\/03\/ChatGPT-Image-9-mar-2026-17_45_09.png\" alt=\"immagine\">\t\t\t\t\t\t<span class=\"blog-plus\"><\/span>\r\n\t\t\t\t\t<\/a>\r\n                                   \r\n                        <span class=\"meta-text\">2026-04-07<\/span>\r\n\t\t\t\t<\/div>\r\n\t\t\t<div class=\"content\">\r\n                    <div class=\"post-meta\">\r\n                        <div class=\"inner\">\r\n                        <a class=\"author\" href=\"https:\/\/italianieruchomosci.pl\/it\/author\/blog\/\" title=\"Visualizza tutti i messaggi di Blog\" rel=\"author\"><span>Blog<\/span> <\/a>                        <\/div>\r\n                        <div class=\"inner\">\r\n                            <a href=\"https:\/\/italianieruchomosci.pl\/it\/category\/italianieruchomosci\/\" rel=\"category tag\">Italia Real Estate<\/a>                        <\/div>\r\n                    <\/div>\r\n\t\t\t\t\t<h6 class=\"title\"><a href=\"https:\/\/italianieruchomosci.pl\/it\/kalabria-vs-polnoc-wloch-dlaczego-poludnie-wygrywa-w-2026-roku\/\"\r\n\t\t\t\t\t\t\ttitle=\"Calabria contro Nord Italia: perch\u00e9 il Sud vincer\u00e0 nel 2026?\">Calabria contro Nord Italia: perch\u00e9 il Sud vincer\u00e0 nel 2026?<\/a><\/h6>\r\n\t\t\t\t\t<p class=\"content-post\">La scelta della regione giusta in Italia \u00e8 fondamentale per il successo di un investimento. Sebbene la Toscana o<\/p>\r\n\t\t\t<\/div>\r\n\t\t<\/div>\r\n\t<\/div>\r\n\t<div class=\"item\">\r\n\t\t<div class=\"entry blog-post\">\r\n\t\t\t\t<div class=\"featured-post\">\r\n\t\t\t\t\t<a href=\"https:\/\/italianieruchomosci.pl\/it\/wyjatkowe-polozenie-scalei-gdzie-morze-spotyka-sie-z-gorami\/\">\r\n\t\t\t\t\t\t<img decoding=\"async\" src=\"https:\/\/italianieruchomosci.pl\/wp-content\/uploads\/2026\/03\/ChatGPT-Image-9-mar-2026-17_40_40.png\" alt=\"immagine\">\t\t\t\t\t\t<span class=\"blog-plus\"><\/span>\r\n\t\t\t\t\t<\/a>\r\n                                   \r\n                        <span class=\"meta-text\">2026-04-03<\/span>\r\n\t\t\t\t<\/div>\r\n\t\t\t<div class=\"content\">\r\n                    <div class=\"post-meta\">\r\n                        <div class=\"inner\">\r\n                        <a class=\"author\" href=\"https:\/\/italianieruchomosci.pl\/it\/author\/blog\/\" title=\"Visualizza tutti i messaggi di Blog\" rel=\"author\"><span>Blog<\/span> <\/a>                        <\/div>\r\n                        <div class=\"inner\">\r\n                            <a href=\"https:\/\/italianieruchomosci.pl\/it\/category\/italianieruchomosci\/\" rel=\"category tag\">Italia Real Estate<\/a>                        <\/div>\r\n                    <\/div>\r\n\t\t\t\t\t<h6 class=\"title\"><a href=\"https:\/\/italianieruchomosci.pl\/it\/wyjatkowe-polozenie-scalei-gdzie-morze-spotyka-sie-z-gorami\/\"\r\n\t\t\t\t\t\t\ttitle=\"La posizione eccezionale di Scalea: dove il mare incontra la montagna\">La posizione eccezionale di Scalea: dove il mare incontra la montagna<\/a><\/h6>\r\n\t\t\t\t\t<p class=\"content-post\">Scalea \u00e8 un luogo assolutamente unico dal punto di vista geografico. Raramente si trova una location che offra<\/p>\r\n\t\t\t<\/div>\r\n\t\t<\/div>\r\n\t<\/div>\r\n\t<div class=\"item\">\r\n\t\t<div class=\"entry blog-post\">\r\n\t\t\t\t<div class=\"featured-post\">\r\n\t\t\t\t\t<a href=\"https:\/\/italianieruchomosci.pl\/it\/ile-mozna-zarobic-w-scalei-realne-stopy-zwrotu-i-koszty-w-2026-roku\/\">\r\n\t\t\t\t\t\t<img decoding=\"async\" src=\"https:\/\/italianieruchomosci.pl\/wp-content\/uploads\/2026\/03\/ChatGPT-Image-9-mar-2026-17_40_40.png\" alt=\"immagine\">\t\t\t\t\t\t<span class=\"blog-plus\"><\/span>\r\n\t\t\t\t\t<\/a>\r\n                                   \r\n                        <span class=\"meta-text\">2026-03-31<\/span>\r\n\t\t\t\t<\/div>\r\n\t\t\t<div class=\"content\">\r\n                    <div class=\"post-meta\">\r\n                        <div class=\"inner\">\r\n                        <a class=\"author\" href=\"https:\/\/italianieruchomosci.pl\/it\/author\/blog\/\" title=\"Visualizza tutti i messaggi di Blog\" rel=\"author\"><span>Blog<\/span> <\/a>                        <\/div>\r\n                        <div class=\"inner\">\r\n                            <a href=\"https:\/\/italianieruchomosci.pl\/it\/category\/italianieruchomosci\/\" rel=\"category tag\">Italia Real Estate<\/a>                        <\/div>\r\n                    <\/div>\r\n\t\t\t\t\t<h6 class=\"title\"><a href=\"https:\/\/italianieruchomosci.pl\/it\/ile-mozna-zarobic-w-scalei-realne-stopy-zwrotu-i-koszty-w-2026-roku\/\"\r\n\t\t\t\t\t\t\ttitle=\"Quanto si pu\u00f2 guadagnare a Scalea? Rendimenti reali e costi nel 2026\">Quanto si pu\u00f2 guadagnare a Scalea? Rendimenti reali e costi nel 2026<\/a><\/h6>\r\n\t\t\t\t\t<p class=\"content-post\">Una delle domande pi\u00f9 frequenti degli investitori riguarda il reale potenziale di guadagno degli immobili a Scalea. In stagione<\/p>\r\n\t\t\t<\/div>\r\n\t\t<\/div>\r\n\t<\/div>\r\n\t<div class=\"item\">\r\n\t\t<div class=\"entry blog-post\">\r\n\t\t\t\t<div class=\"featured-post\">\r\n\t\t\t\t\t<a href=\"https:\/\/italianieruchomosci.pl\/it\/strategia-najmu-morze-czy-centrum-wybieramy-najlepsza-lokalizacje\/\">\r\n\t\t\t\t\t\t<img decoding=\"async\" src=\"https:\/\/italianieruchomosci.pl\/wp-content\/uploads\/2026\/03\/ChatGPT-Image-9-mar-2026-17_38_12.png\" alt=\"immagine\">\t\t\t\t\t\t<span class=\"blog-plus\"><\/span>\r\n\t\t\t\t\t<\/a>\r\n                                   \r\n                        <span class=\"meta-text\">2026-03-28<\/span>\r\n\t\t\t\t<\/div>\r\n\t\t\t<div class=\"content\">\r\n                    <div class=\"post-meta\">\r\n                        <div class=\"inner\">\r\n                        <a class=\"author\" href=\"https:\/\/italianieruchomosci.pl\/it\/author\/blog\/\" title=\"Visualizza tutti i messaggi di Blog\" rel=\"author\"><span>Blog<\/span> <\/a>                        <\/div>\r\n                        <div class=\"inner\">\r\n                            <a href=\"https:\/\/italianieruchomosci.pl\/it\/category\/italianieruchomosci\/\" rel=\"category tag\">Italia Real Estate<\/a>                        <\/div>\r\n                    <\/div>\r\n\t\t\t\t\t<h6 class=\"title\"><a href=\"https:\/\/italianieruchomosci.pl\/it\/strategia-najmu-morze-czy-centrum-wybieramy-najlepsza-lokalizacje\/\"\r\n\t\t\t\t\t\t\ttitle=\"Formalit\u00e0 passo dopo passo: Come acquistare una casa in Italia in modo sicuro?\">Formalit\u00e0 passo dopo passo: Come acquistare una casa in Italia in modo sicuro?<\/a><\/h6>\r\n\t\t\t\t\t<p class=\"content-post\">Il processo di acquisto di un immobile in Italia da parte di uno straniero \u00e8 chiaro, a patto che si conoscano le giuste<\/p>\r\n\t\t\t<\/div>\r\n\t\t<\/div>\r\n\t<\/div>\r\n\t<div class=\"item\">\r\n\t\t<div class=\"entry blog-post\">\r\n\t\t\t\t<div class=\"featured-post\">\r\n\t\t\t\t\t<a href=\"https:\/\/italianieruchomosci.pl\/it\/strategia-najmu-morze-czy-centrum-wybieramy-najlepsza-lokalizacje-2\/\">\r\n\t\t\t\t\t\t<img decoding=\"async\" src=\"https:\/\/italianieruchomosci.pl\/wp-content\/uploads\/2026\/03\/ChatGPT-Image-9-mar-2026-17_35_37.png\" alt=\"immagine\">\t\t\t\t\t\t<span class=\"blog-plus\"><\/span>\r\n\t\t\t\t\t<\/a>\r\n                                   \r\n                        <span class=\"meta-text\">2026-03-25<\/span>\r\n\t\t\t\t<\/div>\r\n\t\t\t<div class=\"content\">\r\n                    <div class=\"post-meta\">\r\n                        <div class=\"inner\">\r\n                        <a class=\"author\" href=\"https:\/\/italianieruchomosci.pl\/it\/author\/blog\/\" title=\"Visualizza tutti i messaggi di Blog\" rel=\"author\"><span>Blog<\/span> <\/a>                        <\/div>\r\n                        <div class=\"inner\">\r\n                            <a href=\"https:\/\/italianieruchomosci.pl\/it\/category\/italianieruchomosci\/\" rel=\"category tag\">Italia Real Estate<\/a>                        <\/div>\r\n                    <\/div>\r\n\t\t\t\t\t<h6 class=\"title\"><a href=\"https:\/\/italianieruchomosci.pl\/it\/strategia-najmu-morze-czy-centrum-wybieramy-najlepsza-lokalizacje-2\/\"\r\n\t\t\t\t\t\t\ttitle=\"Strategia wynajmu: Morze czy Centrum? Wybieramy najlepsz\u0105 lokalizacj\u0119\">Strategia wynajmu: Morze czy Centrum? Wybieramy najlepsz\u0105 lokalizacj\u0119<\/a><\/h6>\r\n\t\t\t\t\t<p class=\"content-post\">La decisione sull'ubicazione di un immobile \u00e8 fondamentale per la sua successiva redditivit\u00e0. Gli appartamenti situati vicino a<\/p>\r\n\t\t\t<\/div>\r\n\t\t<\/div>\r\n\t<\/div>\r\n\t<div class=\"item\">\r\n\t\t<div class=\"entry blog-post\">\r\n\t\t\t\t<div class=\"featured-post\">\r\n\t\t\t\t\t<a href=\"https:\/\/italianieruchomosci.pl\/it\/prawdziwa-kalabria-bez-filtrow-jak-wyglada-codziennosc-w-scalei\/\">\r\n\t\t\t\t\t\t<img decoding=\"async\" src=\"https:\/\/italianieruchomosci.pl\/wp-content\/uploads\/2026\/03\/ChatGPT-Image-9-mar-2026-17_30_23.png\" alt=\"immagine\">\t\t\t\t\t\t<span class=\"blog-plus\"><\/span>\r\n\t\t\t\t\t<\/a>\r\n                                   \r\n                        <span class=\"meta-text\">2026-03-20<\/span>\r\n\t\t\t\t<\/div>\r\n\t\t\t<div class=\"content\">\r\n                    <div class=\"post-meta\">\r\n                        <div class=\"inner\">\r\n                        <a class=\"author\" href=\"https:\/\/italianieruchomosci.pl\/it\/author\/blog\/\" title=\"Visualizza tutti i messaggi di Blog\" rel=\"author\"><span>Blog<\/span> <\/a>                        <\/div>\r\n                        <div class=\"inner\">\r\n                            <a href=\"https:\/\/italianieruchomosci.pl\/it\/category\/italianieruchomosci\/\" rel=\"category tag\">Italia Real Estate<\/a>                        <\/div>\r\n                    <\/div>\r\n\t\t\t\t\t<h6 class=\"title\"><a href=\"https:\/\/italianieruchomosci.pl\/it\/prawdziwa-kalabria-bez-filtrow-jak-wyglada-codziennosc-w-scalei\/\"\r\n\t\t\t\t\t\t\ttitle=\"La vera Calabria senza filtri: Com&#039;\u00e8 la vita quotidiana a Scalea?\">La vera Calabria senza filtri: Com'\u00e8 la vita quotidiana a Scalea?<\/a><\/h6>\r\n\t\t\t\t\t<p class=\"content-post\">La vita quotidiana a Scalea \u00e8 un'esperienza che si differenzia in modo significativo dalla fretta conosciuta in Polonia.<\/p>\r\n\t\t\t<\/div>\r\n\t\t<\/div>\r\n\t<\/div>\r\n\t\t\t\t\t\t\t\t\t<div class=\"pagination-post\">\r\n\t\t\t\t\t\t                    <nav class=\"navigation  paging-navigation pager-numeric post\" role=\"navigation\">\r\n                <div class=\"pagination loop-pagination\">\r\n                    <span aria-current=\"page\" class=\"page-numbers current\">1<\/span>\n<a class=\"page-numbers\" href=\"https:\/\/italianieruchomosci.pl\/it\/wp-json\/wp\/v2\/pages\/3876\/page\/2\/\">2<\/a>\n<a class=\"page-numbers\" href=\"https:\/\/italianieruchomosci.pl\/it\/wp-json\/wp\/v2\/pages\/3876\/page\/3\/\">3<\/a>\n<a class=\"page-numbers\" href=\"https:\/\/italianieruchomosci.pl\/it\/wp-json\/wp\/v2\/pages\/3876\/page\/4\/\">4<\/a>\n<a class=\"page-numbers\" href=\"https:\/\/italianieruchomosci.pl\/it\/wp-json\/wp\/v2\/pages\/3876\/page\/5\/\">5<\/a>\n<a class=\"next page-numbers\" href=\"https:\/\/italianieruchomosci.pl\/it\/wp-json\/wp\/v2\/pages\/3876\/page\/2\/\"><i class=\"icon-homelengo-angle-right\"><\/i><\/a>                <\/div>\r\n            <\/nav>\r\n             \r\n\t\t\t\t\t<\/div>\r\n\t\t\t\t\t\t\t\t\t\t\t<\/div>\r\n\t\t\t\t\t\t<\/div>\n\t\t\t\t<\/div>\n\t\t\t\t\t<\/div>\n\t\t\t\t<\/div>\n\t\t\t\t<\/div>\n\t\t\t\t<\/div>","protected":false},"excerpt":{"rendered":"<p>April 3, 2024 admin Furniture Building gains into housing stocks and how to trade the sector The average contract interest rate for 30-year fixed-rate mortgages [&hellip;]<\/p>\n","protected":false},"author":1,"featured_media":0,"parent":0,"menu_order":0,"comment_status":"closed","ping_status":"closed","template":"elementor_header_footer","meta":{"om_disable_all_campaigns":false,"_monsterinsights_skip_tracking":false,"_monsterinsights_sitenote_active":false,"_monsterinsights_sitenote_note":"","_monsterinsights_sitenote_category":0,"footnotes":""},"class_list":["post-3876","page","type-page","status-publish","hentry"],"aioseo_notices":[],"_links":{"self":[{"href":"https:\/\/italianieruchomosci.pl\/it\/wp-json\/wp\/v2\/pages\/3876","targetHints":{"allow":["GET"]}}],"collection":[{"href":"https:\/\/italianieruchomosci.pl\/it\/wp-json\/wp\/v2\/pages"}],"about":[{"href":"https:\/\/italianieruchomosci.pl\/it\/wp-json\/wp\/v2\/types\/page"}],"author":[{"embeddable":true,"href":"https:\/\/italianieruchomosci.pl\/it\/wp-json\/wp\/v2\/users\/1"}],"replies":[{"embeddable":true,"href":"https:\/\/italianieruchomosci.pl\/it\/wp-json\/wp\/v2\/comments?post=3876"}],"version-history":[{"count":2,"href":"https:\/\/italianieruchomosci.pl\/it\/wp-json\/wp\/v2\/pages\/3876\/revisions"}],"predecessor-version":[{"id":6910,"href":"https:\/\/italianieruchomosci.pl\/it\/wp-json\/wp\/v2\/pages\/3876\/revisions\/6910"}],"wp:attachment":[{"href":"https:\/\/italianieruchomosci.pl\/it\/wp-json\/wp\/v2\/media?parent=3876"}],"curies":[{"name":"wp","href":"https:\/\/api.w.org\/{rel}","templated":true}]}}