{"id":4422,"date":"2024-05-22T02:03:01","date_gmt":"2024-05-22T02:03:01","guid":{"rendered":"https:\/\/homelengowp.themesflat.com\/?page_id=3"},"modified":"2025-12-06T01:57:57","modified_gmt":"2025-12-06T00:57:57","slug":"informativa-sulla-privacy","status":"publish","type":"page","link":"https:\/\/italianieruchomosci.pl\/it\/polityka-prywatnosci\/","title":{"rendered":"Informativa sulla privacy"},"content":{"rendered":"<div data-elementor-type=\"wp-page\" data-elementor-id=\"4422\" class=\"elementor elementor-4422\" data-elementor-post-type=\"page\">\n\t\t\t\t<div class=\"elementor-element elementor-element-49c9f829 e-flex e-con-boxed e-con e-parent\" data-id=\"49c9f829\" data-element_type=\"container\">\n\t\t\t\t\t<div class=\"e-con-inner\">\n\t\t\t\t<div class=\"elementor-element elementor-element-71f9771b elementor-widget elementor-widget-text-editor\" data-id=\"71f9771b\" data-element_type=\"widget\" data-widget_type=\"text-editor.default\">\n\t\t\t\t\t\t\t\t\t<h6><b>Informazioni generali<\/b><\/h6><p><span style=\"letter-spacing: 0px;\">Benvenuti alla pagina della nostra Informativa sulla privacy! Quando utilizzate i nostri siti web, ci fornite delle informazioni. La presente Informativa sulla privacy ha lo scopo di aiutarvi a capire quali informazioni raccogliamo, perch\u00e9 le raccogliamo e cosa ne facciamo. Condividendo le informazioni con noi, possiamo migliorare ulteriormente i nostri servizi. Ad esempio, possiamo mostrarvi risultati di ricerca e pubblicit\u00e0 pi\u00f9 pertinenti, aiutarvi a connettervi con gli altri o rendervi pi\u00f9 facile condividere le informazioni con gli altri. Vogliamo spiegarvi chiaramente come utilizziamo le vostre informazioni e come potete proteggere la vostra privacy quando utilizzate i nostri servizi. Si tratta di un aspetto importante e ci auguriamo che vi prendiate il tempo necessario per leggere attentamente la presente Informativa. Ricordate che troverete strumenti per gestire i vostri dati e proteggere la vostra privacy e sicurezza. Abbiamo cercato di renderla il pi\u00f9 semplice possibile.<\/span><\/p>\n<h6><b>Diritto di accesso, rettifica e cancellazione e responsabile dei dati<\/b><\/h6>\n<p>I nostri clienti hanno il diritto di accedere, correggere e cancellare i dati personali che li riguardano, nonch\u00e9 di opporsi al trattamento di tali dati, in qualsiasi momento mediante una richiesta scritta. La Societ\u00e0 si impegna a mettere in atto le opportune precauzioni per proteggere la BI e la privacy dei dati personali e per evitare che questi vengano alterati, danneggiati, distrutti o accessibili a terzi non autorizzati. Tuttavia, la Societ\u00e0 non controlla tutti i rischi associati all'uso di Internet e pertanto avverte gli utenti del Sito dei potenziali rischi associati al funzionamento e all'uso di Internet. Il Sito pu\u00f2 contenere link ad altri siti o ad altre fonti online. Poich\u00e9 la Societ\u00e0 non pu\u00f2 controllare tali siti e fonti esterne, la Societ\u00e0 non \u00e8 responsabile della fornitura o della visualizzazione di tali siti e fonti esterne e non \u00e8 responsabile del contenuto, della pubblicit\u00e0, dei prodotti, dei servizi o di altri materiali disponibili su o da tali siti o fonti esterne.<\/p>\n<h6>Gestione dei dati personali<\/h6>\n<p>\u00c8 possibile visualizzare o modificare i propri dati personali online in molti dei nostri servizi. Potete anche decidere come i vostri dati vengono raccolti e utilizzati. Le modalit\u00e0 di accesso o di controllo dei vostri dati personali dipendono dai servizi che utilizzate. Potete scegliere se ricevere materiale promozionale dal nostro sito web via e-mail, SMS, posta e telefono. Se si riceve materiale promozionale via e-mail o SMS e si desidera rinunciare, \u00e8 possibile farlo seguendo le istruzioni riportate di seguito. \u00c8 inoltre possibile scegliere di ricevere materiale promozionale via e-mail, telefonate e posta ordinaria comunicandolo via e-mail all'indirizzo kontakt@BusinessDigital.expert. Queste modifiche potrebbero non essere applicate al materiale informativo obbligatorio che fa parte di alcuni dei nostri siti web.<\/p>\n<h6>Informazioni raccolte<\/h6>\n<p>Il nostro sito web raccoglie dati per poter operare in modo efficiente e fornirvi la migliore esperienza possibile con i nostri servizi. Alcuni di questi dati ci vengono forniti direttamente dall'utente, ad esempio quando crea un account personale o naviga sul sito. Altri li riceviamo registrando la vostra interazione con i nostri servizi, ad esempio attraverso tecnologie come i cookie, e ricevendo segnalazioni di errori. Analizzando il traffico del sito web tramite strumenti come Google Analytics, raccogliamo informazioni sulla provenienza dell'utente, sulle pagine visualizzate, sul tempo trascorso e sul dispositivo utilizzato.<\/p>\n<h6>Come utilizziamo i vostri dati?<\/h6>\n<p>Il nostro sito web utilizza i dati raccolti per tre scopi principali: operare e fornire (anche migliorando e personalizzando) i servizi offerti, inviare comunicazioni, anche promozionali, e visualizzare pubblicit\u00e0. Per questi scopi, combiniamo i dati raccolti attraverso diversi siti web per fornire all'utente informazioni pi\u00f9 coerenti e personalizzate. Tuttavia, al fine di migliorare la vostra privacy, abbiamo creato misure di salvaguardia tecnologiche e procedurali per impedire alcune combinazioni di dati e mantenerle al minimo. L'accesso ai nostri siti web tramite il protocollo https protegge ulteriormente i vostri dati.<\/p>\n<h6>Condividere i propri dati<\/h6>\n<p>Condividiamo i vostri dati personali con il vostro consenso o nella misura necessaria per completare la transazione o fornire i servizi che avete richiesto o accettato. Ad esempio, condividiamo i vostri contenuti con terze parti quando ce lo chiedete. Quando l'utente fornisce informazioni di pagamento per effettuare un acquisto, le condividiamo con banche e altre entit\u00e0 che elaborano transazioni di pagamento o forniscono altri servizi finanziari, nonch\u00e9 per la prevenzione delle frodi e la mitigazione del rischio di credito. Inoltre, condividiamo i dati personali tra le nostre affiliate e filiali controllate. Condividiamo inoltre i dati personali con fornitori o agenti che agiscono per nostro conto per gli scopi descritti nella presente dichiarazione. Ad esempio, le societ\u00e0 che impieghiamo per fornire assistenza ai clienti o per contribuire alla protezione e alla sicurezza dei nostri sistemi e servizi possono avere bisogno di accedere ai dati personali per svolgere tali funzioni. In questi casi, tali societ\u00e0 devono rispettare i nostri requisiti di privacy e sicurezza dei dati e non possono utilizzare le informazioni personali che ricevono da noi per altri scopi. Potremmo inoltre divulgare i dati personali nell'ambito di transazioni aziendali, quali fusioni o vendite di attivit\u00e0.<\/p>\n<h6>Biscotti<\/h6>\n<p>\u201eI \u201dcookie\" sono singoli file di testo di piccole dimensioni inviati dai siti web visitati e scaricati sul computer dell'utente. Le informazioni contenute in questi file possono essere lette solo dall'entit\u00e0 che li ha creati. Pertanto, il sito web non pu\u00f2 accedere ad altri file presenti sul computer dell'utente.<\/p>\n<h6>Per quali scopi ItaliaNruchomosci.pl utilizza i cookie?<\/h6>\n<p>Cookie utilizzati sul sito web&nbsp;<span style=\"letter-spacing: 0px;\">ItaliaNieruchomosci.pl<\/span><span style=\"letter-spacing: 0px;\">&nbsp;<\/span><span style=\"letter-spacing: 0px;\">&nbsp;consentire l'adeguata personalizzazione delle informazioni visualizzate e la presentazione di contenuti personalizzati, nonch\u00e9 la misurazione dell'interazione degli utenti sui siti web. Utilizziamo i \u201ecookie\u201d per adattare e migliorare il funzionamento del sito web, nonch\u00e9 per misurare l'efficacia delle azioni intraprese sul sito web. I cookie ci permettono inoltre di studiare le preferenze degli utenti e quindi di migliorare la qualit\u00e0 dei nostri servizi. Non utilizziamo i cookie per contattarvi per posta, e-mail o telefono.<\/span><\/p>\n<p>Esempio di utilizzo dei cookie su ItaliaNieruchomosci.pl<br><span style=\"letter-spacing: 0px;\">2. personalizzazione del contenuto degli annunci visualizzati sul sito web,<br><\/span><span style=\"letter-spacing: 0px;\">3. la misurazione del traffico degli utenti sui siti web mediante il codice Google Analytics - ulteriori informazioni sui cookie di Google Analytics sono disponibili all'indirizzo: https:\/\/marketingplatform.google.com\/about\/support\/<br><\/span><span style=\"letter-spacing: 0px;\">4. utilizzo di un meccanismo di sondaggio per esplorare le preferenze degli utenti,<br><\/span><span style=\"letter-spacing: 0px;\">5. ricordare che non si acconsente alla visualizzazione di determinati contenuti in futuro,<br><\/span><span style=\"letter-spacing: 0px;\">6 Misurazione dell'efficacia (monitoraggio delle conversioni) delle campagne condotte per BusinessDigital.expert, ad esempio nella rete pubblicitaria di Google, nei programmi di affiliazione,<br><\/span><span style=\"letter-spacing: 0px;\">7 Corrispondenza con il contenuto degli annunci pubblicitari trasmessi sulla rete pubblicitaria di Google (remarketing) - per ulteriori informazioni sui cookie utilizzati nella rete pubblicitaria di Google, visitare il sito: https:\/\/support.google.com\/adwords\/answer\/2407785<\/span><\/p>\n<h6>Quali cookie utilizziamo?<\/h6>\n<p>1 Sul sito web di BusinessDigital.expert possono essere utilizzati due tipi di cookie:<br><span style=\"letter-spacing: 0px;\">2. permanenti: rimangono sul dispositivo dell'utente per il tempo specificato nei parametri del file o finch\u00e9 non vengono eliminati manualmente dall'utente;<\/span><\/p>\n<p><span style=\"letter-spacing: 0px;\">sessione - rimangono sul dispositivo dell'utente fino a quando l'utente lascia il sito web o il software (browser web) viene spento.<br><\/span><span style=\"letter-spacing: 0px;\">A causa dello scopo dei cookie e di altre tecnologie simili, utilizziamo i seguenti tipi:<\/span><\/p>\n<p><span style=\"letter-spacing: 0px;\">1. necessari per il funzionamento del sito web e delle applicazioni - per consentire l'utilizzo dei nostri servizi, ad esempio i cookie di autenticazione utilizzati per i servizi che richiedono l'autenticazione;<br><\/span><span style=\"letter-spacing: 0px;\">2. file di sicurezza, ad esempio utilizzati per rilevare abusi di autenticazione;<br><\/span><span style=\"letter-spacing: 0px;\">3. performance - per raccogliere informazioni sull'utilizzo di siti web e applicazioni;<br><\/span><span style=\"letter-spacing: 0px;\">4. funzionali: consentono di \u201ericordare\u201d le impostazioni selezionate dall'Utente e di personalizzare l'interfaccia, ad esempio per quanto riguarda la lingua o la regione di provenienza, le dimensioni dei caratteri, l'aspetto del sito web e delle applicazioni, ecc;<br><\/span><span style=\"letter-spacing: 0px;\">5. pubblicit\u00e0 - per consentire l'invio di contenuti pubblicitari pi\u00f9 adatti ai vostri interessi;<br><\/span><span style=\"letter-spacing: 0px;\">6. statistica - utilizzata per contare le statistiche su siti web e applicazioni.<\/span><\/p>\n<h6>Posso scegliere di non accettare i cookie?<\/h6>\n<p>La memorizzazione e l'invio dei cookie sono gestiti dai browser web e sono invisibili all'utente. La maggior parte dei browser in uso accetta i cookie per impostazione predefinita. Tuttavia, l'utente pu\u00f2 impostare il browser in modo da rifiutare le richieste di memorizzazione di cookie in generale o solo di cookie selezionati. Ci\u00f2 pu\u00f2 essere fatto tramite le impostazioni del browser. Prima di decidere di modificare le impostazioni predefinite, si noti che molti cookie contribuiscono all'esperienza dell'utente. La disabilitazione dei cookie pu\u00f2 influire sul modo in cui il nostro sito web viene visualizzato dal browser. \u00c8 possibile effettuare la modifica anche tramite il modulo di gestione dei cookie, disponibile all'accesso del sito web nell'angolo sinistro dello stesso.<\/p>\n<h6>Come modificare le impostazioni dei cookie nel browser<\/h6>\n<p>Normalmente, il vostro software di navigazione web (browser web) consente per impostazione predefinita la memorizzazione di informazioni sotto forma di cookie e altre tecnologie simili sul vostro dispositivo terminale, ossia quello che state effettivamente utilizzando. Pertanto, attraverso le impostazioni del vostro software, acconsentite all'uso dei cookie nella misura e per le finalit\u00e0 sopra indicate. \u00c8 possibile revocare il proprio consenso in qualsiasi momento modificando le impostazioni. In caso di mancata modifica, le informazioni di cui sopra potranno essere inserite e memorizzate sul vostro terminale.<\/p>\n<h6><span style=\"letter-spacing: 0px;\">Dal livello del browser Internet utilizzato dall'Utente, \u00e8 possibile gestire i cookie in modo indipendente, ovvero azioni quali:<\/span><\/h6>\n<p><span style=\"letter-spacing: 0px;\">- l'accettazione dei cookie, che consente di sfruttare appieno le opzioni offerte dai siti web;<br><\/span><span style=\"letter-spacing: 0px;\">- gestione dei cookie a livello di singoli siti web selezionati;<br><\/span><span style=\"letter-spacing: 0px;\">- definire le impostazioni per i diversi tipi di cookie, ad esempio accettare i cookie permanenti o di sessione, ecc. Per saperne di pi\u00f9 sulla gestione dei cookie nel vostro software, selezionate il link corrispondente:<\/span><\/p>\n<p><span style=\"letter-spacing: 0px;\">1. Internet Explorer<br><\/span><span style=\"letter-spacing: 0px;\">2. Cromo<br><\/span><span style=\"letter-spacing: 0px;\">3. Safari<br><\/span><span style=\"letter-spacing: 0px;\">4. Firefox<br><\/span><span style=\"letter-spacing: 0px;\">5 Opera<br><\/span><span style=\"letter-spacing: 0px;\">6. dispositivi mobili:<br><\/span><span style=\"letter-spacing: 0px;\">7. Android<br><\/span><span style=\"letter-spacing: 0px;\">8. Safari<br><\/span><span style=\"letter-spacing: 0px;\">9. Blackberry<\/span><\/p>\n<p><span style=\"letter-spacing: 0px;\">Vi informiamo che limitare o disabilitare l'uso dei cookie e di altre tecnologie simili potrebbe impedirvi di utilizzare alcune funzionalit\u00e0 disponibili sui nostri siti web.<\/span><\/p>\n<p><\/p>\n<p><!-- \/wp:paragraph --><\/p>\t\t\t\t\t\t\t\t<\/div>\n\t\t\t\t\t<\/div>\n\t\t\t\t<\/div>\n\t\t\t\t<\/div>","protected":false},"excerpt":{"rendered":"<p>Informacje og\u00f3lne Witamy na naszej stronie Polityki Prywatno\u015bci! Korzystaj\u0105c z naszych stron internetowych, udost\u0119pniasz nam informacje. Niniejsza Polityka Prywatno\u015bci ma pom\u00f3c Ci zrozumie\u0107, jakie informacje [&hellip;]<\/p>\n","protected":false},"author":1,"featured_media":0,"parent":0,"menu_order":0,"comment_status":"closed","ping_status":"closed","template":"","meta":{"om_disable_all_campaigns":false,"_monsterinsights_skip_tracking":false,"_monsterinsights_sitenote_active":false,"_monsterinsights_sitenote_note":"","_monsterinsights_sitenote_category":0,"footnotes":""},"class_list":["post-4422","page","type-page","status-publish","hentry"],"aioseo_notices":[],"_links":{"self":[{"href":"https:\/\/italianieruchomosci.pl\/it\/wp-json\/wp\/v2\/pages\/4422","targetHints":{"allow":["GET"]}}],"collection":[{"href":"https:\/\/italianieruchomosci.pl\/it\/wp-json\/wp\/v2\/pages"}],"about":[{"href":"https:\/\/italianieruchomosci.pl\/it\/wp-json\/wp\/v2\/types\/page"}],"author":[{"embeddable":true,"href":"https:\/\/italianieruchomosci.pl\/it\/wp-json\/wp\/v2\/users\/1"}],"replies":[{"embeddable":true,"href":"https:\/\/italianieruchomosci.pl\/it\/wp-json\/wp\/v2\/comments?post=4422"}],"version-history":[{"count":5,"href":"https:\/\/italianieruchomosci.pl\/it\/wp-json\/wp\/v2\/pages\/4422\/revisions"}],"predecessor-version":[{"id":7658,"href":"https:\/\/italianieruchomosci.pl\/it\/wp-json\/wp\/v2\/pages\/4422\/revisions\/7658"}],"wp:attachment":[{"href":"https:\/\/italianieruchomosci.pl\/it\/wp-json\/wp\/v2\/media?parent=4422"}],"curies":[{"name":"wp","href":"https:\/\/api.w.org\/{rel}","templated":true}]}}