{"id":4847,"date":"2025-10-31T11:23:17","date_gmt":"2025-10-31T10:23:17","guid":{"rendered":"https:\/\/italianieruchomosci.pl\/?page_id=4847"},"modified":"2025-12-06T01:57:50","modified_gmt":"2025-12-06T00:57:50","slug":"politica-dei-cookie","status":"publish","type":"page","link":"https:\/\/italianieruchomosci.pl\/it\/polityka-plikow-cookie\/","title":{"rendered":"Informativa sui cookie"},"content":{"rendered":"<div data-elementor-type=\"wp-page\" data-elementor-id=\"4847\" class=\"elementor elementor-4847\" data-elementor-post-type=\"page\">\n\t\t\t\t<div class=\"elementor-element elementor-element-49c9f829 e-flex e-con-boxed e-con e-parent\" data-id=\"49c9f829\" data-element_type=\"container\">\n\t\t\t\t\t<div class=\"e-con-inner\">\n\t\t\t\t<div class=\"elementor-element elementor-element-71f9771b elementor-widget elementor-widget-text-editor\" data-id=\"71f9771b\" data-element_type=\"widget\" data-widget_type=\"text-editor.default\">\n\t\t\t\t\t\t\t\t\t<h6><span style=\"letter-spacing: 0px;\">Biscotti<\/span><\/h6>\n<p>\u201eI \u201dcookie\" sono singoli file di testo di piccole dimensioni inviati dai siti web visitati e scaricati sul computer dell'utente. Le informazioni contenute in questi file possono essere lette solo dall'entit\u00e0 che li ha creati. Pertanto, il sito web non pu\u00f2 accedere ad altri file presenti sul computer dell'utente.<\/p>\n<h6>Per quali scopi ItaliaNruchomosci.pl utilizza i cookie?<\/h6>\n<p>Cookie utilizzati sul sito web&nbsp;<span style=\"letter-spacing: 0px;\">ItaliaNieruchomosci.pl<\/span><span style=\"letter-spacing: 0px;\">&nbsp;<\/span><span style=\"letter-spacing: 0px;\">&nbsp;consentire l'adeguata personalizzazione delle informazioni visualizzate e la presentazione di contenuti personalizzati, nonch\u00e9 la misurazione dell'interazione degli utenti sui siti web. Utilizziamo i \u201ecookie\u201d per adattare e migliorare il funzionamento del sito web, nonch\u00e9 per misurare l'efficacia delle azioni intraprese sul sito web. I cookie ci permettono inoltre di studiare le preferenze degli utenti e quindi di migliorare la qualit\u00e0 dei nostri servizi. Non utilizziamo i cookie per contattarvi per posta, e-mail o telefono.<\/span><\/p>\n<p>Esempio di utilizzo dei cookie su ItaliaNieruchomosci.pl<br><span style=\"letter-spacing: 0px;\">2. personalizzazione del contenuto degli annunci visualizzati sul sito web,<br><\/span><span style=\"letter-spacing: 0px;\">3. la misurazione del traffico degli utenti sui siti web mediante il codice Google Analytics - ulteriori informazioni sui cookie di Google Analytics sono disponibili all'indirizzo: https:\/\/marketingplatform.google.com\/about\/support\/<br><\/span><span style=\"letter-spacing: 0px;\">4. utilizzo di un meccanismo di sondaggio per esplorare le preferenze degli utenti,<br><\/span><span style=\"letter-spacing: 0px;\">5. ricordare che non si acconsente alla visualizzazione di determinati contenuti in futuro,<br><\/span><span style=\"letter-spacing: 0px;\">6 Misurazione dell'efficacia (monitoraggio delle conversioni) delle campagne condotte per BusinessDigital.expert, ad esempio nella rete pubblicitaria di Google, nei programmi di affiliazione,<br><\/span><span style=\"letter-spacing: 0px;\">7 Corrispondenza con il contenuto degli annunci pubblicitari trasmessi sulla rete pubblicitaria di Google (remarketing) - per ulteriori informazioni sui cookie utilizzati nella rete pubblicitaria di Google, visitare il sito: https:\/\/support.google.com\/adwords\/answer\/2407785<\/span><\/p>\n<h6>Quali cookie utilizziamo?<\/h6>\n<p>1 Sul sito web di BusinessDigital.expert possono essere utilizzati due tipi di cookie:<br><span style=\"letter-spacing: 0px;\">2. permanenti: rimangono sul dispositivo dell'utente per il tempo specificato nei parametri del file o finch\u00e9 non vengono eliminati manualmente dall'utente;<\/span><\/p>\n<p><span style=\"letter-spacing: 0px;\">sessione - rimangono sul dispositivo dell'utente fino a quando l'utente lascia il sito web o il software (browser web) viene spento.<br><\/span><span style=\"letter-spacing: 0px;\">A causa dello scopo dei cookie e di altre tecnologie simili, utilizziamo i seguenti tipi:<\/span><\/p>\n<p><span style=\"letter-spacing: 0px;\">1. necessari per il funzionamento del sito web e delle applicazioni - per consentire l'utilizzo dei nostri servizi, ad esempio i cookie di autenticazione utilizzati per i servizi che richiedono l'autenticazione;<br><\/span><span style=\"letter-spacing: 0px;\">2. file di sicurezza, ad esempio utilizzati per rilevare abusi di autenticazione;<br><\/span><span style=\"letter-spacing: 0px;\">3. performance - per raccogliere informazioni sull'utilizzo di siti web e applicazioni;<br><\/span><span style=\"letter-spacing: 0px;\">4. funzionali: consentono di \u201ericordare\u201d le impostazioni selezionate dall'Utente e di personalizzare l'interfaccia, ad esempio per quanto riguarda la lingua o la regione di provenienza, le dimensioni dei caratteri, l'aspetto del sito web e delle applicazioni, ecc;<br><\/span><span style=\"letter-spacing: 0px;\">5. pubblicit\u00e0 - per consentire l'invio di contenuti pubblicitari pi\u00f9 adatti ai vostri interessi;<br><\/span><span style=\"letter-spacing: 0px;\">6. statistica - utilizzata per contare le statistiche su siti web e applicazioni.<\/span><\/p>\n<h6>Posso scegliere di non accettare i cookie?<\/h6>\n<p>La memorizzazione e l'invio dei cookie sono gestiti dai browser web e sono invisibili all'utente. La maggior parte dei browser in uso accetta i cookie per impostazione predefinita. Tuttavia, l'utente pu\u00f2 impostare il browser in modo da rifiutare le richieste di memorizzazione di cookie in generale o solo di cookie selezionati. Ci\u00f2 pu\u00f2 essere fatto tramite le impostazioni del browser. Prima di decidere di modificare le impostazioni predefinite, si noti che molti cookie contribuiscono all'esperienza dell'utente. La disabilitazione dei cookie pu\u00f2 influire sul modo in cui il nostro sito web viene visualizzato dal browser. \u00c8 possibile effettuare la modifica anche tramite il modulo di gestione dei cookie, disponibile all'accesso del sito web nell'angolo sinistro dello stesso.<\/p>\n<h6>Come modificare le impostazioni dei cookie nel browser<\/h6>\n<p>Normalmente, il vostro software di navigazione web (browser web) consente per impostazione predefinita la memorizzazione di informazioni sotto forma di cookie e altre tecnologie simili sul vostro dispositivo terminale, ossia quello che state effettivamente utilizzando. Pertanto, attraverso le impostazioni del vostro software, acconsentite all'uso dei cookie nella misura e per le finalit\u00e0 sopra indicate. \u00c8 possibile revocare il proprio consenso in qualsiasi momento modificando le impostazioni. In caso di mancata modifica, le informazioni di cui sopra potranno essere inserite e memorizzate sul vostro terminale.<\/p>\n<h6><span style=\"letter-spacing: 0px;\">Dal livello del browser Internet utilizzato dall'Utente, \u00e8 possibile gestire i cookie in modo indipendente, ovvero azioni quali:<\/span><\/h6>\n<p><span style=\"letter-spacing: 0px;\">- l'accettazione dei cookie, che consente di sfruttare appieno le opzioni offerte dai siti web;<br><\/span><span style=\"letter-spacing: 0px;\">- gestione dei cookie a livello di singoli siti web selezionati;<br><\/span><span style=\"letter-spacing: 0px;\">- definire le impostazioni per i diversi tipi di cookie, ad esempio accettare i cookie permanenti o di sessione, ecc. Per saperne di pi\u00f9 sulla gestione dei cookie nel vostro software, selezionate il link corrispondente:<\/span><\/p>\n<p><span style=\"letter-spacing: 0px;\">1. Internet Explorer<br><\/span><span style=\"letter-spacing: 0px;\">2. Cromo<br><\/span><span style=\"letter-spacing: 0px;\">3. Safari<br><\/span><span style=\"letter-spacing: 0px;\">4. Firefox<br><\/span><span style=\"letter-spacing: 0px;\">5 Opera<br><\/span><span style=\"letter-spacing: 0px;\">6. dispositivi mobili:<br><\/span><span style=\"letter-spacing: 0px;\">7. Android<br><\/span><span style=\"letter-spacing: 0px;\">8. Safari<br><\/span><span style=\"letter-spacing: 0px;\">9. Blackberry<\/span><\/p>\n<p><span style=\"letter-spacing: 0px;\">Vi informiamo che limitare o disabilitare l'uso dei cookie e di altre tecnologie simili potrebbe impedirvi di utilizzare alcune funzionalit\u00e0 disponibili sui nostri siti web.<\/span><\/p>\n<p><!-- \/wp:paragraph --><\/p>\t\t\t\t\t\t\t\t<\/div>\n\t\t\t\t\t<\/div>\n\t\t\t\t<\/div>\n\t\t\t\t<\/div>","protected":false},"excerpt":{"rendered":"<p>Cookies \u201eCookies\u201d to pojedyncze, ma\u0142e pliki tekstowe wysy\u0142ane przez odwiedzane strony internetowe i pobierane na komputer u\u017cytkownika. Informacje zawarte w tych plikach pozwalaj\u0105 na odczytanie [&hellip;]<\/p>\n","protected":false},"author":2,"featured_media":0,"parent":0,"menu_order":0,"comment_status":"closed","ping_status":"closed","template":"","meta":{"om_disable_all_campaigns":false,"_monsterinsights_skip_tracking":false,"_monsterinsights_sitenote_active":false,"_monsterinsights_sitenote_note":"","_monsterinsights_sitenote_category":0,"footnotes":""},"class_list":["post-4847","page","type-page","status-publish","hentry"],"aioseo_notices":[],"_links":{"self":[{"href":"https:\/\/italianieruchomosci.pl\/it\/wp-json\/wp\/v2\/pages\/4847","targetHints":{"allow":["GET"]}}],"collection":[{"href":"https:\/\/italianieruchomosci.pl\/it\/wp-json\/wp\/v2\/pages"}],"about":[{"href":"https:\/\/italianieruchomosci.pl\/it\/wp-json\/wp\/v2\/types\/page"}],"author":[{"embeddable":true,"href":"https:\/\/italianieruchomosci.pl\/it\/wp-json\/wp\/v2\/users\/2"}],"replies":[{"embeddable":true,"href":"https:\/\/italianieruchomosci.pl\/it\/wp-json\/wp\/v2\/comments?post=4847"}],"version-history":[{"count":5,"href":"https:\/\/italianieruchomosci.pl\/it\/wp-json\/wp\/v2\/pages\/4847\/revisions"}],"predecessor-version":[{"id":7657,"href":"https:\/\/italianieruchomosci.pl\/it\/wp-json\/wp\/v2\/pages\/4847\/revisions\/7657"}],"wp:attachment":[{"href":"https:\/\/italianieruchomosci.pl\/it\/wp-json\/wp\/v2\/media?parent=4847"}],"curies":[{"name":"wp","href":"https:\/\/api.w.org\/{rel}","templated":true}]}}